{"id":122,"date":"2019-06-05T19:58:15","date_gmt":"2019-06-05T22:58:15","guid":{"rendered":"http:\/\/clinicacomunicacao.com.br\/clinica2019\/?page_id=122"},"modified":"2022-04-25T00:22:56","modified_gmt":"2022-04-25T03:22:56","slug":"resultados","status":"publish","type":"page","link":"https:\/\/clinicacomunicacao.com.br\/clinica2019\/","title":{"rendered":"Resultados dos Exames"},"content":{"rendered":"<div class=\"pc_aligned_form pc_falign_center\">\n\t<form class=\"pc_login_form   \" >\n\t\t<div class=\"pc_login_row pc_field_w_icon\">\n\t\t\t<label for=\"pc_auth_username\">Nome de Usu\u00e1rio<\/label>\n\t\t\t\n\t\t\t<div class=\"pc_field_container\">\n\t\t\t\t<span class=\"pc_field_icon\" title=\"Nome de Usu\u00e1rio\"><i class=\"fa fa-user\"><\/i><\/span>\n\t\t\t\t<input type=\"text\" name=\"pc_auth_username\" value=\"\"  autocapitalize=\"off\" autocomplete=\"off\" autocorrect=\"off\" maxlength=\"150\" \/>\n\t\t\t<\/div>\t\n\t\t<\/div>\n\t\t<div class=\"pc_login_row pc_field_w_icon\">\n\t\t\t<label for=\"pc_auth_psw\">Senha<\/label>\n\t\t\t\n\t\t\t<div class=\"pc_field_container\">\n\t\t\t\t<span class=\"pc_field_icon\" title=\"Senha\"><i class=\"fa fa-lock\"><\/i><\/span>\n\t\t\t\t<input type=\"password\" name=\"pc_auth_psw\" value=\"\"  autocapitalize=\"off\" autocomplete=\"off\" autocorrect=\"off\" \/>\n\t\t\t<\/div>\n\t\t<\/div>\n\t\t\n\t\t<div class=\"pc_hnpt_code\" style=\"display: none; visibility: hidden; position: fixed; left: -9999px;\">\n\t\t\t<label for=\"pc_hnpt_1\">Antispam 1<\/label>\n\t\t\t<input type=\"text\" name=\"pc_hnpt_1\" value=\"\" autocomplete=\"off\" \/>\n\t\t\t\n\t\t\t<label for=\"pc_hnpt_2\">Antispam 2<\/label>\n\t\t\t<input type=\"text\" name=\"pc_hnpt_2\" value=\"161\" autocomplete=\"off\" \/>\n\t\t\t\n\t\t\t<label for=\"pc_hnpt_3\">Antispam 3<\/label>\n\t\t\t<input type=\"text\" name=\"pc_hnpt_3\" value=\"e5608abc691023c00ac40468b944c077\" autocomplete=\"off\" \/>\n\t\t<\/div>\n\t\t\n\t\t<div id=\"pc_auth_message\"><\/div>\n\t\t\n\t\t<div class=\"pc_login_smalls\">\n\t\t<\/div>\n\t\t<button class=\"pc_auth_btn\"><span class=\"pc_inner_btn\"><i class=\"fa fa-angle-right\"><\/i>Login<\/span><\/button>\n\t<\/form><\/div>","protected":false},"excerpt":{"rendered":"<p>Nome de Usu\u00e1rio Senha Antispam 1 Antispam 2 Antispam 3 Login<\/p>\n","protected":false},"author":3,"featured_media":0,"parent":0,"menu_order":0,"comment_status":"closed","ping_status":"closed","template":"","meta":[],"yoast_head":"<!-- This site is optimized with the Yoast SEO plugin v19.1 - https:\/\/yoast.com\/wordpress\/plugins\/seo\/ -->\n<title>Resultados dos Exames - Cl\u00ednica Comunica\u00e7\u00e3o Resultados<\/title>\n<meta name=\"robots\" content=\"index, follow, max-snippet:-1, max-image-preview:large, max-video-preview:-1\" \/>\n<link rel=\"canonical\" href=\"https:\/\/clinicacomunicacao.com.br\/clinica2019\/\" \/>\n<meta property=\"og:locale\" content=\"pt_BR\" \/>\n<meta property=\"og:type\" content=\"article\" \/>\n<meta property=\"og:title\" content=\"Resultados dos Exames - Cl\u00ednica Comunica\u00e7\u00e3o Resultados\" \/>\n<meta property=\"og:description\" content=\"Nome de Usu\u00e1rio Senha Antispam 1 Antispam 2 Antispam 3 Login\" \/>\n<meta property=\"og:url\" content=\"https:\/\/clinicacomunicacao.com.br\/clinica2019\/\" \/>\n<meta property=\"og:site_name\" content=\"Cl\u00ednica Comunica\u00e7\u00e3o Resultados\" \/>\n<meta property=\"article:modified_time\" content=\"2022-04-25T03:22:56+00:00\" \/>\n<meta name=\"twitter:card\" content=\"summary_large_image\" \/>\n<script type=\"application\/ld+json\" class=\"yoast-schema-graph\">{\"@context\":\"https:\/\/schema.org\",\"@graph\":[{\"@type\":\"Organization\",\"@id\":\"https:\/\/clinicacomunicacao.com.br\/clinica2019\/#organization\",\"name\":\"Cl\u00ednica Comunica\u00e7\u00e3o\",\"url\":\"https:\/\/clinicacomunicacao.com.br\/clinica2019\/\",\"sameAs\":[],\"logo\":{\"@type\":\"ImageObject\",\"inLanguage\":\"pt-BR\",\"@id\":\"https:\/\/clinicacomunicacao.com.br\/clinica2019\/#\/schema\/logo\/image\/\",\"url\":\"\",\"contentUrl\":\"\",\"caption\":\"Cl\u00ednica Comunica\u00e7\u00e3o\"},\"image\":{\"@id\":\"https:\/\/clinicacomunicacao.com.br\/clinica2019\/#\/schema\/logo\/image\/\"}},{\"@type\":\"WebSite\",\"@id\":\"https:\/\/clinicacomunicacao.com.br\/clinica2019\/#website\",\"url\":\"https:\/\/clinicacomunicacao.com.br\/clinica2019\/\",\"name\":\"Cl\u00ednica Comunica\u00e7\u00e3o\",\"description\":\"Chapec\u00f3\/SC - 49 99802.4289 - 49 3322.3781 - 49 3328.3680\",\"publisher\":{\"@id\":\"https:\/\/clinicacomunicacao.com.br\/clinica2019\/#organization\"},\"potentialAction\":[{\"@type\":\"SearchAction\",\"target\":{\"@type\":\"EntryPoint\",\"urlTemplate\":\"https:\/\/clinicacomunicacao.com.br\/clinica2019\/?s={search_term_string}\"},\"query-input\":\"required name=search_term_string\"}],\"inLanguage\":\"pt-BR\"},{\"@type\":\"WebPage\",\"@id\":\"https:\/\/clinicacomunicacao.com.br\/clinica2019\/#webpage\",\"url\":\"https:\/\/clinicacomunicacao.com.br\/clinica2019\/\",\"name\":\"Resultados dos Exames - Cl\u00ednica Comunica\u00e7\u00e3o Resultados\",\"isPartOf\":{\"@id\":\"https:\/\/clinicacomunicacao.com.br\/clinica2019\/#website\"},\"datePublished\":\"2019-06-05T22:58:15+00:00\",\"dateModified\":\"2022-04-25T03:22:56+00:00\",\"breadcrumb\":{\"@id\":\"https:\/\/clinicacomunicacao.com.br\/clinica2019\/#breadcrumb\"},\"inLanguage\":\"pt-BR\",\"potentialAction\":[{\"@type\":\"ReadAction\",\"target\":[\"https:\/\/clinicacomunicacao.com.br\/clinica2019\/\"]}]},{\"@type\":\"BreadcrumbList\",\"@id\":\"https:\/\/clinicacomunicacao.com.br\/clinica2019\/#breadcrumb\",\"itemListElement\":[{\"@type\":\"ListItem\",\"position\":1,\"name\":\"In\u00edcio\",\"item\":\"https:\/\/clinicacomunicacao.com.br\/clinica2019\/\"},{\"@type\":\"ListItem\",\"position\":2,\"name\":\"Resultados dos Exames\"}]}]}<\/script>\n<!-- \/ Yoast SEO plugin. -->","yoast_head_json":{"title":"Resultados dos Exames - Cl\u00ednica Comunica\u00e7\u00e3o Resultados","robots":{"index":"index","follow":"follow","max-snippet":"max-snippet:-1","max-image-preview":"max-image-preview:large","max-video-preview":"max-video-preview:-1"},"canonical":"https:\/\/clinicacomunicacao.com.br\/clinica2019\/","og_locale":"pt_BR","og_type":"article","og_title":"Resultados dos Exames - Cl\u00ednica Comunica\u00e7\u00e3o Resultados","og_description":"Nome de Usu\u00e1rio Senha Antispam 1 Antispam 2 Antispam 3 Login","og_url":"https:\/\/clinicacomunicacao.com.br\/clinica2019\/","og_site_name":"Cl\u00ednica Comunica\u00e7\u00e3o Resultados","article_modified_time":"2022-04-25T03:22:56+00:00","twitter_card":"summary_large_image","schema":{"@context":"https:\/\/schema.org","@graph":[{"@type":"Organization","@id":"https:\/\/clinicacomunicacao.com.br\/clinica2019\/#organization","name":"Cl\u00ednica Comunica\u00e7\u00e3o","url":"https:\/\/clinicacomunicacao.com.br\/clinica2019\/","sameAs":[],"logo":{"@type":"ImageObject","inLanguage":"pt-BR","@id":"https:\/\/clinicacomunicacao.com.br\/clinica2019\/#\/schema\/logo\/image\/","url":"","contentUrl":"","caption":"Cl\u00ednica Comunica\u00e7\u00e3o"},"image":{"@id":"https:\/\/clinicacomunicacao.com.br\/clinica2019\/#\/schema\/logo\/image\/"}},{"@type":"WebSite","@id":"https:\/\/clinicacomunicacao.com.br\/clinica2019\/#website","url":"https:\/\/clinicacomunicacao.com.br\/clinica2019\/","name":"Cl\u00ednica Comunica\u00e7\u00e3o","description":"Chapec\u00f3\/SC - 49 99802.4289 - 49 3322.3781 - 49 3328.3680","publisher":{"@id":"https:\/\/clinicacomunicacao.com.br\/clinica2019\/#organization"},"potentialAction":[{"@type":"SearchAction","target":{"@type":"EntryPoint","urlTemplate":"https:\/\/clinicacomunicacao.com.br\/clinica2019\/?s={search_term_string}"},"query-input":"required name=search_term_string"}],"inLanguage":"pt-BR"},{"@type":"WebPage","@id":"https:\/\/clinicacomunicacao.com.br\/clinica2019\/#webpage","url":"https:\/\/clinicacomunicacao.com.br\/clinica2019\/","name":"Resultados dos Exames - Cl\u00ednica Comunica\u00e7\u00e3o Resultados","isPartOf":{"@id":"https:\/\/clinicacomunicacao.com.br\/clinica2019\/#website"},"datePublished":"2019-06-05T22:58:15+00:00","dateModified":"2022-04-25T03:22:56+00:00","breadcrumb":{"@id":"https:\/\/clinicacomunicacao.com.br\/clinica2019\/#breadcrumb"},"inLanguage":"pt-BR","potentialAction":[{"@type":"ReadAction","target":["https:\/\/clinicacomunicacao.com.br\/clinica2019\/"]}]},{"@type":"BreadcrumbList","@id":"https:\/\/clinicacomunicacao.com.br\/clinica2019\/#breadcrumb","itemListElement":[{"@type":"ListItem","position":1,"name":"In\u00edcio","item":"https:\/\/clinicacomunicacao.com.br\/clinica2019\/"},{"@type":"ListItem","position":2,"name":"Resultados dos Exames"}]}]}},"uagb_featured_image_src":{"full":false,"thumbnail":false,"medium":false,"medium_large":false,"large":false,"1536x1536":false,"2048x2048":false,"post-thumbnail":false,"50x50":false,"clients-slider":false,"slider-content":false,"testimonials":false,"blog-navi":false,"portfolio-mf":false,"portfolio-mf-w":false,"portfolio-mf-t":false,"portfolio-list":false,"blog-portfolio":false,"blog-single":false},"uagb_author_info":{"display_name":"Cl\u00ednica Comunica\u00e7\u00e3o","author_link":"https:\/\/clinicacomunicacao.com.br\/clinica2019\/author\/adminclinica\/"},"uagb_comment_info":0,"uagb_excerpt":"Nome de Usu\u00e1rio Senha Antispam 1 Antispam 2 Antispam 3 Login","_links":{"self":[{"href":"https:\/\/clinicacomunicacao.com.br\/clinica2019\/wp-json\/wp\/v2\/pages\/122"}],"collection":[{"href":"https:\/\/clinicacomunicacao.com.br\/clinica2019\/wp-json\/wp\/v2\/pages"}],"about":[{"href":"https:\/\/clinicacomunicacao.com.br\/clinica2019\/wp-json\/wp\/v2\/types\/page"}],"author":[{"embeddable":true,"href":"https:\/\/clinicacomunicacao.com.br\/clinica2019\/wp-json\/wp\/v2\/users\/3"}],"replies":[{"embeddable":true,"href":"https:\/\/clinicacomunicacao.com.br\/clinica2019\/wp-json\/wp\/v2\/comments?post=122"}],"version-history":[{"count":0,"href":"https:\/\/clinicacomunicacao.com.br\/clinica2019\/wp-json\/wp\/v2\/pages\/122\/revisions"}],"wp:attachment":[{"href":"https:\/\/clinicacomunicacao.com.br\/clinica2019\/wp-json\/wp\/v2\/media?parent=122"}],"curies":[{"name":"wp","href":"https:\/\/api.w.org\/{rel}","templated":true}]}}