{"id":61,"date":"2021-05-12T07:20:42","date_gmt":"2021-05-12T07:20:42","guid":{"rendered":"https:\/\/themes.muffingroup.com\/be\/cottage3_el\/?page_id=61"},"modified":"2022-07-02T18:43:46","modified_gmt":"2022-07-02T18:43:46","slug":"contato","status":"publish","type":"page","link":"https:\/\/clinicacomunicacao.com.br\/comunica\/index.php\/contato\/","title":{"rendered":"Contato"},"content":{"rendered":"\t\t<div data-elementor-type=\"wp-page\" data-elementor-id=\"61\" class=\"elementor elementor-61\">\n\t\t\t\t\t\t\t\t\t<section class=\"elementor-section elementor-top-section elementor-element elementor-element-88d8126 elementor-section-stretched elementor-section-boxed elementor-section-height-default elementor-section-height-default\" data-id=\"88d8126\" data-element_type=\"section\" data-settings=\"{&quot;stretch_section&quot;:&quot;section-stretched&quot;}\">\n\t\t\t\t\t\t<div class=\"elementor-container elementor-column-gap-wider\">\n\t\t\t\t\t<div class=\"elementor-column elementor-col-100 elementor-top-column elementor-element elementor-element-b7cce0a\" data-id=\"b7cce0a\" data-element_type=\"column\">\n\t\t\t<div class=\"elementor-widget-wrap elementor-element-populated\">\n\t\t\t\t\t\t\t\t<section class=\"elementor-section elementor-inner-section elementor-element elementor-element-7b6b47d elementor-section-boxed elementor-section-height-default elementor-section-height-default\" data-id=\"7b6b47d\" data-element_type=\"section\">\n\t\t\t\t\t\t<div class=\"elementor-container elementor-column-gap-default\">\n\t\t\t\t\t<div class=\"elementor-column elementor-col-100 elementor-inner-column elementor-element elementor-element-77b21ad\" data-id=\"77b21ad\" data-element_type=\"column\">\n\t\t\t<div class=\"elementor-widget-wrap elementor-element-populated\">\n\t\t\t\t\t\t\t\t<div class=\"elementor-element elementor-element-2bf1ee8 elementor-widget elementor-widget-text-editor\" data-id=\"2bf1ee8\" data-element_type=\"widget\" data-widget_type=\"text-editor.default\">\n\t\t\t\t<div class=\"elementor-widget-container\">\n\t\t\t<style>\/*! elementor - v3.6.1 - 23-03-2022 *\/\n.elementor-widget-text-editor.elementor-drop-cap-view-stacked .elementor-drop-cap{background-color:#818a91;color:#fff}.elementor-widget-text-editor.elementor-drop-cap-view-framed .elementor-drop-cap{color:#818a91;border:3px solid;background-color:transparent}.elementor-widget-text-editor:not(.elementor-drop-cap-view-default) .elementor-drop-cap{margin-top:8px}.elementor-widget-text-editor:not(.elementor-drop-cap-view-default) .elementor-drop-cap-letter{width:1em;height:1em}.elementor-widget-text-editor .elementor-drop-cap{float:left;text-align:center;line-height:1;font-size:50px}.elementor-widget-text-editor .elementor-drop-cap-letter{display:inline-block}<\/style>\t\t\t\t<div class=\"wrap mcb-wrap mcb-wrap-eohmfynv3 one-third valign-middle clearfix\" data-col=\"one-third\"><div class=\"mcb-wrap-inner\"><div class=\"column mcb-column mcb-item-ljvv1pvk7 one column_visual\"><div class=\"column_attr clearfix\"><h4><b>CONHE\u00c7A OS MODELOS DE APARELHOS DISPON\u00cdVEIS<\/b><\/h4><\/div><\/div><\/div><\/div>\t\t\t\t\t\t<\/div>\n\t\t\t\t<\/div>\n\t\t\t\t\t<\/div>\n\t\t<\/div>\n\t\t\t\t\t\t\t<\/div>\n\t\t<\/section>\n\t\t\t\t\t<\/div>\n\t\t<\/div>\n\t\t\t\t\t\t\t<\/div>\n\t\t<\/section>\n\t\t\t\t<section class=\"elementor-section elementor-top-section elementor-element elementor-element-c9a5f2d elementor-section-stretched elementor-section-boxed elementor-section-height-default elementor-section-height-default\" data-id=\"c9a5f2d\" data-element_type=\"section\" data-settings=\"{&quot;stretch_section&quot;:&quot;section-stretched&quot;,&quot;background_background&quot;:&quot;classic&quot;}\">\n\t\t\t\t\t\t<div class=\"elementor-container elementor-column-gap-wider\">\n\t\t\t\t\t<div class=\"elementor-column elementor-col-100 elementor-top-column elementor-element elementor-element-39094e9\" data-id=\"39094e9\" data-element_type=\"column\">\n\t\t\t<div class=\"elementor-widget-wrap elementor-element-populated\">\n\t\t\t\t\t\t\t\t<section class=\"elementor-section elementor-inner-section elementor-element elementor-element-d56ab77 elementor-section-boxed elementor-section-height-default elementor-section-height-default\" data-id=\"d56ab77\" data-element_type=\"section\">\n\t\t\t\t\t\t<div class=\"elementor-container elementor-column-gap-default\">\n\t\t\t\t\t<div class=\"elementor-column elementor-col-50 elementor-inner-column elementor-element elementor-element-e7a73ae\" data-id=\"e7a73ae\" data-element_type=\"column\">\n\t\t\t<div class=\"elementor-widget-wrap elementor-element-populated\">\n\t\t\t\t\t\t\t\t<div class=\"elementor-element elementor-element-652cab2 elementor-widget elementor-widget-image\" data-id=\"652cab2\" data-element_type=\"widget\" data-widget_type=\"image.default\">\n\t\t\t\t<div class=\"elementor-widget-container\">\n\t\t\t<style>\/*! elementor - v3.6.1 - 23-03-2022 *\/\n.elementor-widget-image{text-align:center}.elementor-widget-image a{display:inline-block}.elementor-widget-image a img[src$=\".svg\"]{width:48px}.elementor-widget-image img{vertical-align:middle;display:inline-block}<\/style>\t\t\t\t\t\t\t\t\t\t\t\t<img loading=\"lazy\" decoding=\"async\" width=\"500\" height=\"500\" src=\"https:\/\/clinicacomunicacao.com.br\/comunica\/wp-content\/uploads\/2022\/06\/clinica-centro-auditivo-comunica-Aparelho-Auditivo-Circa-da-NuEar-1.png\" class=\"attachment-full size-full\" alt=\"\" srcset=\"https:\/\/clinicacomunicacao.com.br\/comunica\/wp-content\/uploads\/2022\/06\/clinica-centro-auditivo-comunica-Aparelho-Auditivo-Circa-da-NuEar-1.png 500w, https:\/\/clinicacomunicacao.com.br\/comunica\/wp-content\/uploads\/2022\/06\/clinica-centro-auditivo-comunica-Aparelho-Auditivo-Circa-da-NuEar-1-300x300.png 300w, https:\/\/clinicacomunicacao.com.br\/comunica\/wp-content\/uploads\/2022\/06\/clinica-centro-auditivo-comunica-Aparelho-Auditivo-Circa-da-NuEar-1-150x150.png 150w, https:\/\/clinicacomunicacao.com.br\/comunica\/wp-content\/uploads\/2022\/06\/clinica-centro-auditivo-comunica-Aparelho-Auditivo-Circa-da-NuEar-1-146x146.png 146w, https:\/\/clinicacomunicacao.com.br\/comunica\/wp-content\/uploads\/2022\/06\/clinica-centro-auditivo-comunica-Aparelho-Auditivo-Circa-da-NuEar-1-50x50.png 50w, https:\/\/clinicacomunicacao.com.br\/comunica\/wp-content\/uploads\/2022\/06\/clinica-centro-auditivo-comunica-Aparelho-Auditivo-Circa-da-NuEar-1-75x75.png 75w, https:\/\/clinicacomunicacao.com.br\/comunica\/wp-content\/uploads\/2022\/06\/clinica-centro-auditivo-comunica-Aparelho-Auditivo-Circa-da-NuEar-1-85x85.png 85w, https:\/\/clinicacomunicacao.com.br\/comunica\/wp-content\/uploads\/2022\/06\/clinica-centro-auditivo-comunica-Aparelho-Auditivo-Circa-da-NuEar-1-80x80.png 80w\" sizes=\"auto, (max-width: 500px) 100vw, 500px\" \/>\t\t\t\t\t\t\t\t\t\t\t\t\t\t\t<\/div>\n\t\t\t\t<\/div>\n\t\t\t\t\t<\/div>\n\t\t<\/div>\n\t\t\t\t<div class=\"elementor-column elementor-col-50 elementor-inner-column elementor-element elementor-element-d36d1ba\" data-id=\"d36d1ba\" data-element_type=\"column\">\n\t\t\t<div class=\"elementor-widget-wrap elementor-element-populated\">\n\t\t\t\t\t\t\t\t<div class=\"elementor-element elementor-element-88169c1 elementor-widget elementor-widget-text-editor\" data-id=\"88169c1\" data-element_type=\"widget\" data-widget_type=\"text-editor.default\">\n\t\t\t\t<div class=\"elementor-widget-container\">\n\t\t\t\t\t\t\t<h3><span style=\"color: #f5f5f5; letter-spacing: 0px;\">(49) 3316-2687<\/span><\/h3>\t\t\t\t\t\t<\/div>\n\t\t\t\t<\/div>\n\t\t\t\t\t<\/div>\n\t\t<\/div>\n\t\t\t\t\t\t\t<\/div>\n\t\t<\/section>\n\t\t\t\t<section class=\"elementor-section elementor-inner-section elementor-element elementor-element-30feea7 elementor-section-boxed elementor-section-height-default elementor-section-height-default\" data-id=\"30feea7\" data-element_type=\"section\">\n\t\t\t\t\t\t<div class=\"elementor-container elementor-column-gap-default\">\n\t\t\t\t\t<div class=\"elementor-column elementor-col-100 elementor-inner-column elementor-element elementor-element-7918470\" data-id=\"7918470\" data-element_type=\"column\">\n\t\t\t<div class=\"elementor-widget-wrap elementor-element-populated\">\n\t\t\t\t\t\t\t\t<div class=\"elementor-element elementor-element-01bacce elementor-widget elementor-widget-spacer\" data-id=\"01bacce\" data-element_type=\"widget\" data-widget_type=\"spacer.default\">\n\t\t\t\t<div class=\"elementor-widget-container\">\n\t\t\t<style>\/*! elementor - v3.6.1 - 23-03-2022 *\/\n.e-container.e-container--row .elementor-spacer-inner{width:var(--spacer-size)}.e-container.e-container--column .elementor-spacer-inner,.elementor-column .elementor-spacer-inner{height:var(--spacer-size)}<\/style>\t\t<div class=\"elementor-spacer\">\n\t\t\t<div class=\"elementor-spacer-inner\"><\/div>\n\t\t<\/div>\n\t\t\t\t<\/div>\n\t\t\t\t<\/div>\n\t\t\t\t\t<\/div>\n\t\t<\/div>\n\t\t\t\t\t\t\t<\/div>\n\t\t<\/section>\n\t\t\t\t<section class=\"elementor-section elementor-inner-section elementor-element elementor-element-5f1d146 elementor-section-boxed elementor-section-height-default elementor-section-height-default\" data-id=\"5f1d146\" data-element_type=\"section\">\n\t\t\t\t\t\t<div class=\"elementor-container elementor-column-gap-default\">\n\t\t\t\t\t<div class=\"elementor-column elementor-col-33 elementor-inner-column elementor-element elementor-element-e51d1a6\" data-id=\"e51d1a6\" data-element_type=\"column\">\n\t\t\t<div class=\"elementor-widget-wrap elementor-element-populated\">\n\t\t\t\t\t\t\t\t<div class=\"elementor-element elementor-element-15eaecf elementor-widget elementor-widget-text-editor\" data-id=\"15eaecf\" data-element_type=\"widget\" data-widget_type=\"text-editor.default\">\n\t\t\t\t<div class=\"elementor-widget-container\">\n\t\t\t\t\t\t\t<h4><span style=\"color: #f5f5f5;\">Tire sua d\u00edvida via e-mail<\/span><\/h4><p><span style=\"color: #f5f5f5;\">Estamos dispon\u00edveis no WhatApp<\/span><\/p>\t\t\t\t\t\t<\/div>\n\t\t\t\t<\/div>\n\t\t\t\t<div class=\"elementor-element elementor-element-e511120 elementor-widget elementor-widget-spacer\" data-id=\"e511120\" data-element_type=\"widget\" data-widget_type=\"spacer.default\">\n\t\t\t\t<div class=\"elementor-widget-container\">\n\t\t\t\t\t<div class=\"elementor-spacer\">\n\t\t\t<div class=\"elementor-spacer-inner\"><\/div>\n\t\t<\/div>\n\t\t\t\t<\/div>\n\t\t\t\t<\/div>\n\t\t\t\t<div class=\"elementor-element elementor-element-95673f0 elementor-widget elementor-widget-text-editor\" data-id=\"95673f0\" data-element_type=\"widget\" data-widget_type=\"text-editor.default\">\n\t\t\t\t<div class=\"elementor-widget-container\">\n\t\t\t\t\t\t\t<h5><span style=\"color: #f5f5f5; border-bottom: 1px solid #FFF; padding: 0 0 10px; display: inline-block;\">Segunda a Sexta<\/span><\/h5>\n<h4><span style=\"color: #f5f5f5;\">8:00 &#8211; 12:00<\/span><\/h4>\n<div>\n<h4 style=\"font-style: normal; font-variant-ligatures: normal; font-variant-caps: normal;\"><span style=\"color: #f5f5f5;\">13:30 &#8211; 18:00<\/span><\/h4>\n<\/div>\t\t\t\t\t\t<\/div>\n\t\t\t\t<\/div>\n\t\t\t\t\t<\/div>\n\t\t<\/div>\n\t\t\t\t<div class=\"elementor-column elementor-col-66 elementor-inner-column elementor-element elementor-element-9ff119c\" data-id=\"9ff119c\" data-element_type=\"column\">\n\t\t\t<div class=\"elementor-widget-wrap elementor-element-populated\">\n\t\t\t\t\t\t\t\t<div class=\"elementor-element elementor-element-33cf510 elementor-widget elementor-widget-shortcode\" data-id=\"33cf510\" data-element_type=\"widget\" data-widget_type=\"shortcode.default\">\n\t\t\t\t<div class=\"elementor-widget-container\">\n\t\t\t\t\t<div class=\"elementor-shortcode\"><div role=\"form\" class=\"wpcf7\" id=\"wpcf7-f600-o1\" lang=\"en-US\" dir=\"ltr\">\n<div class=\"screen-reader-response\"><p role=\"status\" aria-live=\"polite\" aria-atomic=\"true\"><\/p> <ul><\/ul><\/div>\n<form action=\"\/comunica\/index.php\/wp-json\/wp\/v2\/pages\/61#wpcf7-f600-o1\" method=\"post\" class=\"wpcf7-form init\" novalidate=\"novalidate\" data-status=\"init\">\n<div style=\"display: none;\">\n<input type=\"hidden\" name=\"_wpcf7\" value=\"600\" \/>\n<input type=\"hidden\" name=\"_wpcf7_version\" value=\"5.6\" \/>\n<input type=\"hidden\" name=\"_wpcf7_locale\" value=\"en_US\" \/>\n<input type=\"hidden\" name=\"_wpcf7_unit_tag\" value=\"wpcf7-f600-o1\" \/>\n<input type=\"hidden\" name=\"_wpcf7_container_post\" value=\"0\" \/>\n<input type=\"hidden\" name=\"_wpcf7_posted_data_hash\" value=\"\" \/>\n<\/div>\n<div class=\"column one-second\"><span class=\"wpcf7-form-control-wrap\" data-name=\"your-name\"><input type=\"text\" name=\"your-name\" value=\"\" size=\"40\" class=\"wpcf7-form-control wpcf7-text wpcf7-validates-as-required\" aria-required=\"true\" aria-invalid=\"false\" placeholder=\"Name\" \/><\/span> <\/div>\n<div class=\"column one-second\"><span class=\"wpcf7-form-control-wrap\" data-name=\"your-surname\"><input type=\"text\" name=\"your-surname\" value=\"\" size=\"40\" class=\"wpcf7-form-control wpcf7-text wpcf7-validates-as-required\" aria-required=\"true\" aria-invalid=\"false\" placeholder=\"Surname\" \/><\/span> <\/div>\n<div class=\"column two-third\"><span class=\"wpcf7-form-control-wrap\" data-name=\"your-email\"><input type=\"email\" name=\"your-email\" value=\"\" size=\"40\" class=\"wpcf7-form-control wpcf7-text wpcf7-email wpcf7-validates-as-required wpcf7-validates-as-email\" aria-required=\"true\" aria-invalid=\"false\" placeholder=\"Email\" \/><\/span> <\/div>\n<div class=\"column one-third\"><span class=\"wpcf7-form-control-wrap\" data-name=\"your-phone\"><input type=\"tel\" name=\"your-phone\" value=\"\" size=\"40\" class=\"wpcf7-form-control wpcf7-text wpcf7-tel wpcf7-validates-as-tel\" aria-invalid=\"false\" placeholder=\"Phone\" \/><\/span> <\/div>\n<div class=\"column one\"><span class=\"wpcf7-form-control-wrap\" data-name=\"your-subject\"><input type=\"text\" name=\"your-subject\" value=\"\" size=\"40\" class=\"wpcf7-form-control wpcf7-text\" aria-invalid=\"false\" placeholder=\"Subject\" \/><\/span> <\/div>\n<div class=\"column one\"><span class=\"wpcf7-form-control-wrap\" data-name=\"your-message\"><textarea name=\"your-message\" cols=\"40\" rows=\"8\" class=\"wpcf7-form-control wpcf7-textarea\" aria-invalid=\"false\" placeholder=\"Message\"><\/textarea><\/span><\/div>\n<div class=\"column one\"><input type=\"submit\" value=\"SEND A MESSAGE\" class=\"wpcf7-form-control has-spinner wpcf7-submit button_full_width\" \/><\/div>\n<div class=\"wpcf7-response-output\" aria-hidden=\"true\"><\/div><\/form><\/div><\/div>\n\t\t\t\t<\/div>\n\t\t\t\t<\/div>\n\t\t\t\t\t<\/div>\n\t\t<\/div>\n\t\t\t\t\t\t\t<\/div>\n\t\t<\/section>\n\t\t\t\t\t<\/div>\n\t\t<\/div>\n\t\t\t\t\t\t\t<\/div>\n\t\t<\/section>\n\t\t\t\t\t\t\t<\/div>\n\t\t","protected":false},"excerpt":{"rendered":"<p>CONHE\u00c7A OS MODELOS DE APARELHOS DISPON\u00cdVEIS (49) 3316-2687 Tire sua d\u00edvida via e-mail Estamos dispon\u00edveis no WhatApp Segunda a Sexta 8:00 &#8211; 12:00 13:30 &#8211; 18:00<\/p>\n","protected":false},"author":1,"featured_media":0,"parent":0,"menu_order":0,"comment_status":"closed","ping_status":"closed","template":"","meta":{"footnotes":""},"class_list":["post-61","page","type-page","status-publish","hentry"],"yoast_head":"<!-- This site is optimized with the Yoast SEO plugin v19.2 - https:\/\/yoast.com\/wordpress\/plugins\/seo\/ -->\n<title>Contato - Centro Auditivo Comunica<\/title>\n<meta name=\"robots\" content=\"index, follow, max-snippet:-1, max-image-preview:large, max-video-preview:-1\" \/>\n<link rel=\"canonical\" href=\"https:\/\/clinicacomunicacao.com.br\/comunica\/index.php\/contato\/\" \/>\n<meta property=\"og:locale\" content=\"pt_BR\" \/>\n<meta property=\"og:type\" content=\"article\" \/>\n<meta property=\"og:title\" content=\"Contato - Centro Auditivo Comunica\" \/>\n<meta property=\"og:description\" content=\"CONHE\u00c7A OS MODELOS DE APARELHOS DISPON\u00cdVEIS (49) 3316-2687 Tire sua d\u00edvida via e-mail Estamos dispon\u00edveis no WhatApp Segunda a Sexta 8:00 &#8211; 12:00 13:30 &#8211; 18:00\" \/>\n<meta property=\"og:url\" content=\"https:\/\/clinicacomunicacao.com.br\/comunica\/index.php\/contato\/\" \/>\n<meta property=\"og:site_name\" content=\"Centro Auditivo Comunica\" \/>\n<meta property=\"article:modified_time\" content=\"2022-07-02T18:43:46+00:00\" \/>\n<meta property=\"og:image\" content=\"https:\/\/clinicacomunicacao.com.br\/comunica\/wp-content\/uploads\/2022\/06\/clinica-centro-auditivo-comunica-Aparelho-Auditivo-Circa-da-NuEar-1.png\" \/>\n<meta name=\"author\" content=\"admin\" \/>\n<meta name=\"twitter:card\" content=\"summary_large_image\" \/>\n<meta name=\"twitter:label1\" content=\"Est. tempo de leitura\" \/>\n\t<meta name=\"twitter:data1\" content=\"1 minuto\" \/>\n<script type=\"application\/ld+json\" class=\"yoast-schema-graph\">{\"@context\":\"https:\/\/schema.org\",\"@graph\":[{\"@type\":\"WebSite\",\"@id\":\"https:\/\/clinicacomunicacao.com.br\/comunica\/#website\",\"url\":\"https:\/\/clinicacomunicacao.com.br\/comunica\/\",\"name\":\"Centro Auditivo Comunica\",\"description\":\"N\u00f3s escutamos voc\u00ea\",\"potentialAction\":[{\"@type\":\"SearchAction\",\"target\":{\"@type\":\"EntryPoint\",\"urlTemplate\":\"https:\/\/clinicacomunicacao.com.br\/comunica\/?s={search_term_string}\"},\"query-input\":\"required name=search_term_string\"}],\"inLanguage\":\"pt-BR\"},{\"@type\":\"ImageObject\",\"inLanguage\":\"pt-BR\",\"@id\":\"https:\/\/clinicacomunicacao.com.br\/comunica\/index.php\/contato\/#primaryimage\",\"url\":\"https:\/\/clinicacomunicacao.com.br\/comunica\/wp-content\/uploads\/2022\/06\/clinica-centro-auditivo-comunica-Aparelho-Auditivo-Circa-da-NuEar-1.png\",\"contentUrl\":\"https:\/\/clinicacomunicacao.com.br\/comunica\/wp-content\/uploads\/2022\/06\/clinica-centro-auditivo-comunica-Aparelho-Auditivo-Circa-da-NuEar-1.png\",\"width\":500,\"height\":500},{\"@type\":\"WebPage\",\"@id\":\"https:\/\/clinicacomunicacao.com.br\/comunica\/index.php\/contato\/#webpage\",\"url\":\"https:\/\/clinicacomunicacao.com.br\/comunica\/index.php\/contato\/\",\"name\":\"Contato - Centro Auditivo Comunica\",\"isPartOf\":{\"@id\":\"https:\/\/clinicacomunicacao.com.br\/comunica\/#website\"},\"primaryImageOfPage\":{\"@id\":\"https:\/\/clinicacomunicacao.com.br\/comunica\/index.php\/contato\/#primaryimage\"},\"datePublished\":\"2021-05-12T07:20:42+00:00\",\"dateModified\":\"2022-07-02T18:43:46+00:00\",\"breadcrumb\":{\"@id\":\"https:\/\/clinicacomunicacao.com.br\/comunica\/index.php\/contato\/#breadcrumb\"},\"inLanguage\":\"pt-BR\",\"potentialAction\":[{\"@type\":\"ReadAction\",\"target\":[\"https:\/\/clinicacomunicacao.com.br\/comunica\/index.php\/contato\/\"]}]},{\"@type\":\"BreadcrumbList\",\"@id\":\"https:\/\/clinicacomunicacao.com.br\/comunica\/index.php\/contato\/#breadcrumb\",\"itemListElement\":[{\"@type\":\"ListItem\",\"position\":1,\"name\":\"In\u00edcio\",\"item\":\"https:\/\/clinicacomunicacao.com.br\/comunica\/\"},{\"@type\":\"ListItem\",\"position\":2,\"name\":\"Contato\"}]}]}<\/script>\n<!-- \/ Yoast SEO plugin. -->","yoast_head_json":{"title":"Contato - Centro Auditivo Comunica","robots":{"index":"index","follow":"follow","max-snippet":"max-snippet:-1","max-image-preview":"max-image-preview:large","max-video-preview":"max-video-preview:-1"},"canonical":"https:\/\/clinicacomunicacao.com.br\/comunica\/index.php\/contato\/","og_locale":"pt_BR","og_type":"article","og_title":"Contato - Centro Auditivo Comunica","og_description":"CONHE\u00c7A OS MODELOS DE APARELHOS DISPON\u00cdVEIS (49) 3316-2687 Tire sua d\u00edvida via e-mail Estamos dispon\u00edveis no WhatApp Segunda a Sexta 8:00 &#8211; 12:00 13:30 &#8211; 18:00","og_url":"https:\/\/clinicacomunicacao.com.br\/comunica\/index.php\/contato\/","og_site_name":"Centro Auditivo Comunica","article_modified_time":"2022-07-02T18:43:46+00:00","og_image":[{"url":"https:\/\/clinicacomunicacao.com.br\/comunica\/wp-content\/uploads\/2022\/06\/clinica-centro-auditivo-comunica-Aparelho-Auditivo-Circa-da-NuEar-1.png"}],"author":"admin","twitter_card":"summary_large_image","twitter_misc":{"Est. tempo de leitura":"1 minuto"},"schema":{"@context":"https:\/\/schema.org","@graph":[{"@type":"WebSite","@id":"https:\/\/clinicacomunicacao.com.br\/comunica\/#website","url":"https:\/\/clinicacomunicacao.com.br\/comunica\/","name":"Centro Auditivo Comunica","description":"N\u00f3s escutamos voc\u00ea","potentialAction":[{"@type":"SearchAction","target":{"@type":"EntryPoint","urlTemplate":"https:\/\/clinicacomunicacao.com.br\/comunica\/?s={search_term_string}"},"query-input":"required name=search_term_string"}],"inLanguage":"pt-BR"},{"@type":"ImageObject","inLanguage":"pt-BR","@id":"https:\/\/clinicacomunicacao.com.br\/comunica\/index.php\/contato\/#primaryimage","url":"https:\/\/clinicacomunicacao.com.br\/comunica\/wp-content\/uploads\/2022\/06\/clinica-centro-auditivo-comunica-Aparelho-Auditivo-Circa-da-NuEar-1.png","contentUrl":"https:\/\/clinicacomunicacao.com.br\/comunica\/wp-content\/uploads\/2022\/06\/clinica-centro-auditivo-comunica-Aparelho-Auditivo-Circa-da-NuEar-1.png","width":500,"height":500},{"@type":"WebPage","@id":"https:\/\/clinicacomunicacao.com.br\/comunica\/index.php\/contato\/#webpage","url":"https:\/\/clinicacomunicacao.com.br\/comunica\/index.php\/contato\/","name":"Contato - Centro Auditivo Comunica","isPartOf":{"@id":"https:\/\/clinicacomunicacao.com.br\/comunica\/#website"},"primaryImageOfPage":{"@id":"https:\/\/clinicacomunicacao.com.br\/comunica\/index.php\/contato\/#primaryimage"},"datePublished":"2021-05-12T07:20:42+00:00","dateModified":"2022-07-02T18:43:46+00:00","breadcrumb":{"@id":"https:\/\/clinicacomunicacao.com.br\/comunica\/index.php\/contato\/#breadcrumb"},"inLanguage":"pt-BR","potentialAction":[{"@type":"ReadAction","target":["https:\/\/clinicacomunicacao.com.br\/comunica\/index.php\/contato\/"]}]},{"@type":"BreadcrumbList","@id":"https:\/\/clinicacomunicacao.com.br\/comunica\/index.php\/contato\/#breadcrumb","itemListElement":[{"@type":"ListItem","position":1,"name":"In\u00edcio","item":"https:\/\/clinicacomunicacao.com.br\/comunica\/"},{"@type":"ListItem","position":2,"name":"Contato"}]}]}},"_links":{"self":[{"href":"https:\/\/clinicacomunicacao.com.br\/comunica\/index.php\/wp-json\/wp\/v2\/pages\/61","targetHints":{"allow":["GET"]}}],"collection":[{"href":"https:\/\/clinicacomunicacao.com.br\/comunica\/index.php\/wp-json\/wp\/v2\/pages"}],"about":[{"href":"https:\/\/clinicacomunicacao.com.br\/comunica\/index.php\/wp-json\/wp\/v2\/types\/page"}],"author":[{"embeddable":true,"href":"https:\/\/clinicacomunicacao.com.br\/comunica\/index.php\/wp-json\/wp\/v2\/users\/1"}],"replies":[{"embeddable":true,"href":"https:\/\/clinicacomunicacao.com.br\/comunica\/index.php\/wp-json\/wp\/v2\/comments?post=61"}],"version-history":[{"count":11,"href":"https:\/\/clinicacomunicacao.com.br\/comunica\/index.php\/wp-json\/wp\/v2\/pages\/61\/revisions"}],"predecessor-version":[{"id":739,"href":"https:\/\/clinicacomunicacao.com.br\/comunica\/index.php\/wp-json\/wp\/v2\/pages\/61\/revisions\/739"}],"wp:attachment":[{"href":"https:\/\/clinicacomunicacao.com.br\/comunica\/index.php\/wp-json\/wp\/v2\/media?parent=61"}],"curies":[{"name":"wp","href":"https:\/\/api.w.org\/{rel}","templated":true}]}}